{"id":4117,"date":"2025-05-16T15:32:01","date_gmt":"2025-05-16T13:32:01","guid":{"rendered":"https:\/\/warmcore.kommerling.be\/marktonderzoek\/"},"modified":"2025-08-27T09:07:13","modified_gmt":"2025-08-27T07:07:13","slug":"etude-marche","status":"publish","type":"page","link":"https:\/\/warmcore.kommerling.be\/fr\/etude-marche\/","title":{"rendered":"Etude marche"},"content":{"rendered":"\t\t<div data-elementor-type=\"wp-post\" data-elementor-id=\"4117\" class=\"elementor elementor-4117 elementor-3702\" data-elementor-post-type=\"page\">\n\t\t\t\t<div class=\"elementor-element elementor-element-c37ec83 e-con-full e-flex e-con e-parent\" data-id=\"c37ec83\" data-element_type=\"container\">\n\t\t<div class=\"elementor-element elementor-element-a90fb43 e-con-full e-flex e-con e-child\" data-id=\"a90fb43\" data-element_type=\"container\" data-settings=\"{&quot;background_background&quot;:&quot;classic&quot;}\">\n\t\t\t\t<\/div>\n\t\t\t\t<\/div>\n\t\t<div class=\"elementor-element elementor-element-6eee101 e-flex e-con-boxed e-con e-parent\" data-id=\"6eee101\" data-element_type=\"container\">\n\t\t\t\t\t<div class=\"e-con-inner\">\n\t\t<div class=\"elementor-element elementor-element-4fba7eb e-con-full e-flex e-con e-child\" data-id=\"4fba7eb\" data-element_type=\"container\">\n\t\t\t\t<div class=\"elementor-element elementor-element-25f9108 elementor-widget__width-initial elementor-widget elementor-widget-heading\" data-id=\"25f9108\" data-element_type=\"widget\" data-widget_type=\"heading.default\">\n\t\t\t\t<div class=\"elementor-widget-container\">\n\t\t\t\t\t<h1 class=\"elementor-heading-title elementor-size-default\">Consultez les r\u00e9sultats de l'\u00e9tude de march\u00e9<\/h1>\t\t\t\t<\/div>\n\t\t\t\t<\/div>\n\t\t<div class=\"elementor-element elementor-element-c084829 e-con-full e-flex e-con e-child\" data-id=\"c084829\" data-element_type=\"container\">\n\t\t\t\t<div class=\"elementor-element elementor-element-65002d3 elementor-widget elementor-widget-heading\" data-id=\"65002d3\" data-element_type=\"widget\" data-widget_type=\"heading.default\">\n\t\t\t\t<div class=\"elementor-widget-container\">\n\t\t\t\t\t<h3 class=\"elementor-heading-title elementor-size-default\">Veuillez remplir les d\u00e9tails ci-dessous pour soumettre votre demande<\/h3>\t\t\t\t<\/div>\n\t\t\t\t<\/div>\n\t\t\t\t<div class=\"elementor-element elementor-element-53d4f67 elementor-button-align-stretch elementor-widget elementor-widget-form\" data-id=\"53d4f67\" data-element_type=\"widget\" data-settings=\"{&quot;step_next_label&quot;:&quot;Next&quot;,&quot;step_previous_label&quot;:&quot;Previous&quot;,&quot;button_width&quot;:&quot;100&quot;,&quot;step_type&quot;:&quot;number_text&quot;,&quot;step_icon_shape&quot;:&quot;circle&quot;}\" data-widget_type=\"form.default\">\n\t\t\t\t<div class=\"elementor-widget-container\">\n\t\t\t\t\t\t\t<form class=\"elementor-form\" method=\"post\" id=\"marktonderzoek_wc_fr\" name=\"Marktonderzoek WarmCore FR\">\n\t\t\t<input type=\"hidden\" name=\"post_id\" value=\"4117\"\/>\n\t\t\t<input type=\"hidden\" name=\"form_id\" value=\"53d4f67\"\/>\n\t\t\t<input type=\"hidden\" name=\"referer_title\" value=\"Etude marche - K\u00f6mmerling\" \/>\n\n\t\t\t\t\t\t\t<input type=\"hidden\" name=\"queried_id\" value=\"4117\"\/>\n\t\t\t\n\t\t\t<div class=\"elementor-form-fields-wrapper elementor-labels-\">\n\t\t\t\t\t\t\t\t<div class=\"elementor-field-type-text elementor-field-group elementor-column elementor-field-group-voornaam elementor-col-50 elementor-field-required\">\n\t\t\t\t\t\t\t\t\t\t\t\t<label for=\"form-field-voornaam\" class=\"elementor-field-label elementor-screen-only\">\n\t\t\t\t\t\t\t\tVoornaam\t\t\t\t\t\t\t<\/label>\n\t\t\t\t\t\t\t\t\t\t\t\t\t\t<input size=\"1\" type=\"text\" name=\"form_fields[voornaam]\" id=\"form-field-voornaam\" class=\"elementor-field elementor-size-md  elementor-field-textual\" placeholder=\"Pr\u00e9nom*\" required=\"required\">\n\t\t\t\t\t\t\t\t\t\t\t<\/div>\n\t\t\t\t\t\t\t\t<div class=\"elementor-field-type-text elementor-field-group elementor-column elementor-field-group-achternaam elementor-col-50 elementor-field-required\">\n\t\t\t\t\t\t\t\t\t\t\t\t<label for=\"form-field-achternaam\" class=\"elementor-field-label elementor-screen-only\">\n\t\t\t\t\t\t\t\tAchternaam\t\t\t\t\t\t\t<\/label>\n\t\t\t\t\t\t\t\t\t\t\t\t\t\t<input size=\"1\" type=\"text\" name=\"form_fields[achternaam]\" id=\"form-field-achternaam\" class=\"elementor-field elementor-size-md  elementor-field-textual\" placeholder=\"Nom*\" required=\"required\">\n\t\t\t\t\t\t\t\t\t\t\t<\/div>\n\t\t\t\t\t\t\t\t<div class=\"elementor-field-type-email elementor-field-group elementor-column elementor-field-group-email elementor-col-66 elementor-field-required\">\n\t\t\t\t\t\t\t\t\t\t\t\t<label for=\"form-field-email\" class=\"elementor-field-label elementor-screen-only\">\n\t\t\t\t\t\t\t\tE-mail\t\t\t\t\t\t\t<\/label>\n\t\t\t\t\t\t\t\t\t\t\t\t\t\t<input size=\"1\" type=\"email\" name=\"form_fields[email]\" id=\"form-field-email\" class=\"elementor-field elementor-size-md  elementor-field-textual\" placeholder=\"Adresse e-mail*\" required=\"required\">\n\t\t\t\t\t\t\t\t\t\t\t<\/div>\n\t\t\t\t\t\t\t\t<div class=\"elementor-field-type-tel elementor-field-group elementor-column elementor-field-group-tel elementor-col-33 elementor-field-required\">\n\t\t\t\t\t\t\t\t\t\t\t\t<label for=\"form-field-tel\" class=\"elementor-field-label elementor-screen-only\">\n\t\t\t\t\t\t\t\tTelefoon\t\t\t\t\t\t\t<\/label>\n\t\t\t\t\t\t\t\t<input size=\"1\" type=\"tel\" name=\"form_fields[tel]\" id=\"form-field-tel\" class=\"elementor-field elementor-size-md  elementor-field-textual\" placeholder=\"T\u00e9l\u00e9phone*\" required=\"required\" pattern=\"[0-9()#&amp;+*-=.]+\" title=\"Seuls les caract\u00e8res de num\u00e9ros de t\u00e9l\u00e9phone (#, -, *, etc.) sont accept\u00e9s.\">\n\n\t\t\t\t\t\t<\/div>\n\t\t\t\t\t\t\t\t<div class=\"elementor-field-type-text elementor-field-group elementor-column elementor-field-group-postcode elementor-col-33 elementor-field-required\">\n\t\t\t\t\t\t\t\t\t\t\t\t<label for=\"form-field-postcode\" class=\"elementor-field-label elementor-screen-only\">\n\t\t\t\t\t\t\t\tPostcode\t\t\t\t\t\t\t<\/label>\n\t\t\t\t\t\t\t\t\t\t\t\t\t\t<input size=\"1\" type=\"text\" name=\"form_fields[postcode]\" id=\"form-field-postcode\" class=\"elementor-field elementor-size-md  elementor-field-textual\" placeholder=\"Code postal*\" required=\"required\">\n\t\t\t\t\t\t\t\t\t\t\t<\/div>\n\t\t\t\t\t\t\t\t<div class=\"elementor-field-type-text elementor-field-group elementor-column elementor-field-group-bedrijfsnaam elementor-col-66 elementor-field-required\">\n\t\t\t\t\t\t\t\t\t\t\t\t<label for=\"form-field-bedrijfsnaam\" class=\"elementor-field-label elementor-screen-only\">\n\t\t\t\t\t\t\t\tBedrijf\t\t\t\t\t\t\t<\/label>\n\t\t\t\t\t\t\t\t\t\t\t\t\t\t<input size=\"1\" type=\"text\" name=\"form_fields[bedrijfsnaam]\" id=\"form-field-bedrijfsnaam\" class=\"elementor-field elementor-size-md  elementor-field-textual\" placeholder=\"Nom de l\u2019entreprise*\" required=\"required\">\n\t\t\t\t\t\t\t\t\t\t\t<\/div>\n\t\t\t\t\t\t\t\t<div class=\"elementor-field-type-text elementor-field-group elementor-column elementor-field-group-functie elementor-col-100 elementor-field-required\">\n\t\t\t\t\t\t\t\t\t\t\t\t<label for=\"form-field-functie\" class=\"elementor-field-label elementor-screen-only\">\n\t\t\t\t\t\t\t\tFunctie\t\t\t\t\t\t\t<\/label>\n\t\t\t\t\t\t\t\t\t\t\t\t\t\t<input size=\"1\" type=\"text\" name=\"form_fields[functie]\" id=\"form-field-functie\" class=\"elementor-field elementor-size-md  elementor-field-textual\" placeholder=\"Intitul\u00e9 du poste*\" required=\"required\">\n\t\t\t\t\t\t\t\t\t\t\t<\/div>\n\t\t\t\t\t\t\t\t<div class=\"elementor-field-type-html elementor-field-group elementor-column elementor-field-group-field_619cefb elementor-col-100\">\n\t\t\t\t\t<h6 style=\"color: black;\">Je suis un(e)...<\/h6>\n\t\t\t\t<\/div>\n\t\t\t\t\t\t\t\t<div class=\"elementor-field-type-select elementor-field-group elementor-column elementor-field-group-type_bedrijf elementor-col-100 elementor-field-required\">\n\t\t\t\t\t\t\t\t\t\t\t\t<label for=\"form-field-type_bedrijf\" class=\"elementor-field-label elementor-screen-only\">\n\t\t\t\t\t\t\t\tPersona\t\t\t\t\t\t\t<\/label>\n\t\t\t\t\t\t\t\t<div class=\"elementor-field elementor-select-wrapper remove-before \">\n\t\t\t<div class=\"select-caret-down-wrapper\">\n\t\t\t\t<svg aria-hidden=\"true\" class=\"e-font-icon-svg e-eicon-caret-down\" viewBox=\"0 0 571.4 571.4\" xmlns=\"http:\/\/www.w3.org\/2000\/svg\"><path d=\"M571 393Q571 407 561 418L311 668Q300 679 286 679T261 668L11 418Q0 407 0 393T11 368 36 357H536Q550 357 561 368T571 393Z\"><\/path><\/svg>\t\t\t<\/div>\n\t\t\t<select name=\"form_fields[type_bedrijf]\" id=\"form-field-type_bedrijf\" class=\"elementor-field-textual elementor-size-md\" required=\"required\">\n\t\t\t\t\t\t\t\t\t<option value=\"\">Faites votre choix*<\/option>\n\t\t\t\t\t\t\t\t\t<option value=\"Fabricant\">Fabricant<\/option>\n\t\t\t\t\t\t\t\t\t<option value=\"Installateur\">Installateur<\/option>\n\t\t\t\t\t\t\t<\/select>\n\t\t<\/div>\n\t\t\t\t\t\t<\/div>\n\t\t\t\t\t\t\t\t<div class=\"elementor-field-type-html elementor-field-group elementor-column elementor-field-group-field_65858c8 elementor-col-100\">\n\t\t\t\t\t<h6 style=\"color: black;\">Notre offre actuelle se compose de :<\/h6>\n\t\t\t\t<\/div>\n\t\t\t\t\t\t\t\t<div class=\"elementor-field-type-select elementor-field-group elementor-column elementor-field-group-aanbod elementor-col-100 elementor-field-required\">\n\t\t\t\t\t\t\t\t\t\t\t\t<label for=\"form-field-aanbod\" class=\"elementor-field-label elementor-screen-only\">\n\t\t\t\t\t\t\t\tAanbod\t\t\t\t\t\t\t<\/label>\n\t\t\t\t\t\t\t\t<div class=\"elementor-field elementor-select-wrapper remove-before \">\n\t\t\t<div class=\"select-caret-down-wrapper\">\n\t\t\t\t<svg aria-hidden=\"true\" class=\"e-font-icon-svg e-eicon-caret-down\" viewBox=\"0 0 571.4 571.4\" xmlns=\"http:\/\/www.w3.org\/2000\/svg\"><path d=\"M571 393Q571 407 561 418L311 668Q300 679 286 679T261 668L11 418Q0 407 0 393T11 368 36 357H536Q550 357 561 368T571 393Z\"><\/path><\/svg>\t\t\t<\/div>\n\t\t\t<select name=\"form_fields[aanbod]\" id=\"form-field-aanbod\" class=\"elementor-field-textual elementor-size-md\" required=\"required\">\n\t\t\t\t\t\t\t\t\t<option value=\"\">Faites votre choix*<\/option>\n\t\t\t\t\t\t\t\t\t<option value=\"Aluminium\">Aluminium<\/option>\n\t\t\t\t\t\t\t\t\t<option value=\"Bois\">Bois<\/option>\n\t\t\t\t\t\t\t\t\t<option value=\"PVC\">PVC<\/option>\n\t\t\t\t\t\t\t\t\t<option value=\"Combinaison des \u00e9l\u00e9ments ci-dessus\">Combinaison des \u00e9l\u00e9ments ci-dessus<\/option>\n\t\t\t\t\t\t\t<\/select>\n\t\t<\/div>\n\t\t\t\t\t\t<\/div>\n\t\t\t\t\t\t\t\t<div class=\"elementor-field-type-textarea elementor-field-group elementor-column elementor-field-group-vraag elementor-col-100\">\n\t\t\t\t\t\t\t\t\t\t\t\t<label for=\"form-field-vraag\" class=\"elementor-field-label elementor-screen-only\">\n\t\t\t\t\t\t\t\tVraag\t\t\t\t\t\t\t<\/label>\n\t\t\t\t\t\t<textarea class=\"elementor-field-textual elementor-field  elementor-size-md\" name=\"form_fields[vraag]\" id=\"form-field-vraag\" rows=\"4\" placeholder=\"Vous avez encore des questions ? Posez-les ici ....\"><\/textarea>\t\t\t\t<\/div>\n\t\t\t\t\t\t\t\t<div class=\"elementor-field-type-acceptance elementor-field-group elementor-column elementor-field-group-voorwaarden2 elementor-col-100 elementor-field-required\">\n\t\t\t\t\t\t\t\t\t\t\t\t<label for=\"form-field-voorwaarden2\" class=\"elementor-field-label elementor-screen-only\">\n\t\t\t\t\t\t\t\tPrivacy\t\t\t\t\t\t\t<\/label>\n\t\t\t\t\t\t\t\t<div class=\"elementor-field-subgroup\">\n\t\t\t<span class=\"elementor-field-option\">\n\t\t\t\t<input type=\"checkbox\" name=\"form_fields[voorwaarden2]\" id=\"form-field-voorwaarden2\" class=\"elementor-field elementor-size-md  elementor-acceptance-field\" required=\"required\">\n\t\t\t\t<label for=\"form-field-voorwaarden2\">J\u2019accepte la <a href=\"\/fr\/privacy-policy\/\" style=\"text-decoration: underline;\">politique de confidentialit\u00e9 de K\u00f6mmerling<\/a><\/label>\t\t\t<\/span>\n\t\t<\/div>\n\t\t\t\t\t\t<\/div>\n\t\t\t\t\t\t\t\t<div class=\"elementor-field-type-recaptcha elementor-field-group elementor-column elementor-field-group-field_7755dab elementor-col-100\">\n\t\t\t\t\t<div class=\"elementor-field\" id=\"form-field-field_7755dab\"><div class=\"elementor-g-recaptcha\" data-sitekey=\"6Ld83ggrAAAAAJcT7ZSf6lgczj8Gl_eWVuylkNJz\" data-type=\"v2_checkbox\" data-theme=\"light\" data-size=\"normal\"><\/div><\/div>\t\t\t\t<\/div>\n\t\t\t\t\t\t\t\t<div class=\"elementor-field-group elementor-column elementor-field-type-submit elementor-col-100 e-form__buttons\">\n\t\t\t\t\t<button class=\"elementor-button elementor-size-lg\" type=\"submit\">\n\t\t\t\t\t\t<span class=\"elementor-button-content-wrapper\">\n\t\t\t\t\t\t\t\t\t\t\t\t\t\t\t\t\t\t\t\t\t\t<span class=\"elementor-button-text\">Consultez les r\u00e9sultats<\/span>\n\t\t\t\t\t\t\t\t\t\t\t\t\t<\/span>\n\t\t\t\t\t<\/button>\n\t\t\t\t<\/div>\n\t\t\t<\/div>\n\t\t<\/form>\n\t\t\t\t\t\t<\/div>\n\t\t\t\t<\/div>\n\t\t\t\t<\/div>\n\t\t\t\t<\/div>\n\t\t\t\t\t<\/div>\n\t\t\t\t<\/div>\n\t\t\t\t<\/div>\n\t\t","protected":false},"excerpt":{"rendered":"<p>Consultez les r\u00e9sultats de l&#8217;\u00e9tude de march\u00e9 Veuillez remplir les d\u00e9tails ci-dessous pour soumettre votre demande<\/p>\n","protected":false},"author":8,"featured_media":0,"parent":0,"menu_order":0,"comment_status":"closed","ping_status":"closed","template":"elementor_canvas","meta":{"_acf_changed":false,"content-type":"","footnotes":""},"class_list":["post-4117","page","type-page","status-publish","hentry"],"acf":[],"yoast_head":"<!-- This site is optimized with the Yoast SEO plugin v25.8 - https:\/\/yoast.com\/wordpress\/plugins\/seo\/ -->\n<title>Etude marche - K\u00f6mmerling<\/title>\n<meta name=\"robots\" content=\"index, follow, max-snippet:-1, max-image-preview:large, max-video-preview:-1\" \/>\n<link rel=\"canonical\" href=\"https:\/\/warmcore.kommerling.be\/fr\/etude-marche\/\" \/>\n<meta property=\"og:locale\" content=\"fr_FR\" \/>\n<meta property=\"og:type\" content=\"article\" \/>\n<meta property=\"og:title\" content=\"Etude marche - K\u00f6mmerling\" \/>\n<meta property=\"og:description\" content=\"Consultez les r\u00e9sultats de l&#8217;\u00e9tude de march\u00e9 Veuillez remplir les d\u00e9tails ci-dessous pour soumettre votre demande\" \/>\n<meta property=\"og:url\" content=\"https:\/\/warmcore.kommerling.be\/fr\/etude-marche\/\" \/>\n<meta property=\"og:site_name\" content=\"K\u00f6mmerling\" \/>\n<meta property=\"article:modified_time\" content=\"2025-08-27T07:07:13+00:00\" \/>\n<meta property=\"og:image\" content=\"https:\/\/warmcore.kommerling.be\/wp-content\/uploads\/2025\/06\/BG_WarmCore-Landingpage_Still001.jpg\" \/>\n\t<meta property=\"og:image:width\" content=\"1920\" \/>\n\t<meta property=\"og:image:height\" content=\"1080\" \/>\n\t<meta property=\"og:image:type\" content=\"image\/jpeg\" \/>\n<meta name=\"twitter:card\" content=\"summary_large_image\" \/>\n<meta name=\"twitter:label1\" content=\"Dur\u00e9e de lecture estim\u00e9e\" \/>\n\t<meta name=\"twitter:data1\" content=\"1 minute\" \/>\n<script type=\"application\/ld+json\" class=\"yoast-schema-graph\">{\"@context\":\"https:\/\/schema.org\",\"@graph\":[{\"@type\":\"WebPage\",\"@id\":\"https:\/\/warmcore.kommerling.be\/fr\/etude-marche\/\",\"url\":\"https:\/\/warmcore.kommerling.be\/fr\/etude-marche\/\",\"name\":\"Etude marche - K\u00f6mmerling\",\"isPartOf\":{\"@id\":\"https:\/\/warmcore.kommerling.be\/fr\/#website\"},\"datePublished\":\"2025-05-16T13:32:01+00:00\",\"dateModified\":\"2025-08-27T07:07:13+00:00\",\"breadcrumb\":{\"@id\":\"https:\/\/warmcore.kommerling.be\/fr\/etude-marche\/#breadcrumb\"},\"inLanguage\":\"fr-FR\",\"potentialAction\":[{\"@type\":\"ReadAction\",\"target\":[\"https:\/\/warmcore.kommerling.be\/fr\/etude-marche\/\"]}]},{\"@type\":\"BreadcrumbList\",\"@id\":\"https:\/\/warmcore.kommerling.be\/fr\/etude-marche\/#breadcrumb\",\"itemListElement\":[{\"@type\":\"ListItem\",\"position\":1,\"name\":\"Home\",\"item\":\"https:\/\/warmcore.kommerling.be\/fr\/\"},{\"@type\":\"ListItem\",\"position\":2,\"name\":\"Etude marche\"}]},{\"@type\":\"WebSite\",\"@id\":\"https:\/\/warmcore.kommerling.be\/fr\/#website\",\"url\":\"https:\/\/warmcore.kommerling.be\/fr\/\",\"name\":\"K\u00f6mmerling - WARMCORE\u00ae\",\"description\":\"Ramen en deuren met een pvc-hart en een aluminium schild\",\"publisher\":{\"@id\":\"https:\/\/warmcore.kommerling.be\/fr\/#organization\"},\"potentialAction\":[{\"@type\":\"SearchAction\",\"target\":{\"@type\":\"EntryPoint\",\"urlTemplate\":\"https:\/\/warmcore.kommerling.be\/fr\/?s={search_term_string}\"},\"query-input\":{\"@type\":\"PropertyValueSpecification\",\"valueRequired\":true,\"valueName\":\"search_term_string\"}}],\"inLanguage\":\"fr-FR\"},{\"@type\":\"Organization\",\"@id\":\"https:\/\/warmcore.kommerling.be\/fr\/#organization\",\"name\":\"K\u00f6mmerling\",\"url\":\"https:\/\/warmcore.kommerling.be\/fr\/\",\"logo\":{\"@type\":\"ImageObject\",\"inLanguage\":\"fr-FR\",\"@id\":\"https:\/\/warmcore.kommerling.be\/fr\/#\/schema\/logo\/image\/\",\"url\":\"https:\/\/warmcore.kommerling.be\/wp-content\/uploads\/2024\/12\/Kommerling_logo.png\",\"contentUrl\":\"https:\/\/warmcore.kommerling.be\/wp-content\/uploads\/2024\/12\/Kommerling_logo.png\",\"width\":3015,\"height\":755,\"caption\":\"K\u00f6mmerling\"},\"image\":{\"@id\":\"https:\/\/warmcore.kommerling.be\/fr\/#\/schema\/logo\/image\/\"}}]}<\/script>\n<!-- \/ Yoast SEO plugin. -->","yoast_head_json":{"title":"Etude marche - K\u00f6mmerling","robots":{"index":"index","follow":"follow","max-snippet":"max-snippet:-1","max-image-preview":"max-image-preview:large","max-video-preview":"max-video-preview:-1"},"canonical":"https:\/\/warmcore.kommerling.be\/fr\/etude-marche\/","og_locale":"fr_FR","og_type":"article","og_title":"Etude marche - K\u00f6mmerling","og_description":"Consultez les r\u00e9sultats de l&#8217;\u00e9tude de march\u00e9 Veuillez remplir les d\u00e9tails ci-dessous pour soumettre votre demande","og_url":"https:\/\/warmcore.kommerling.be\/fr\/etude-marche\/","og_site_name":"K\u00f6mmerling","article_modified_time":"2025-08-27T07:07:13+00:00","og_image":[{"width":1920,"height":1080,"url":"https:\/\/warmcore.kommerling.be\/wp-content\/uploads\/2025\/06\/BG_WarmCore-Landingpage_Still001.jpg","type":"image\/jpeg"}],"twitter_card":"summary_large_image","twitter_misc":{"Dur\u00e9e de lecture estim\u00e9e":"1 minute"},"schema":{"@context":"https:\/\/schema.org","@graph":[{"@type":"WebPage","@id":"https:\/\/warmcore.kommerling.be\/fr\/etude-marche\/","url":"https:\/\/warmcore.kommerling.be\/fr\/etude-marche\/","name":"Etude marche - K\u00f6mmerling","isPartOf":{"@id":"https:\/\/warmcore.kommerling.be\/fr\/#website"},"datePublished":"2025-05-16T13:32:01+00:00","dateModified":"2025-08-27T07:07:13+00:00","breadcrumb":{"@id":"https:\/\/warmcore.kommerling.be\/fr\/etude-marche\/#breadcrumb"},"inLanguage":"fr-FR","potentialAction":[{"@type":"ReadAction","target":["https:\/\/warmcore.kommerling.be\/fr\/etude-marche\/"]}]},{"@type":"BreadcrumbList","@id":"https:\/\/warmcore.kommerling.be\/fr\/etude-marche\/#breadcrumb","itemListElement":[{"@type":"ListItem","position":1,"name":"Home","item":"https:\/\/warmcore.kommerling.be\/fr\/"},{"@type":"ListItem","position":2,"name":"Etude marche"}]},{"@type":"WebSite","@id":"https:\/\/warmcore.kommerling.be\/fr\/#website","url":"https:\/\/warmcore.kommerling.be\/fr\/","name":"K\u00f6mmerling - WARMCORE\u00ae","description":"Ramen en deuren met een pvc-hart en een aluminium schild","publisher":{"@id":"https:\/\/warmcore.kommerling.be\/fr\/#organization"},"potentialAction":[{"@type":"SearchAction","target":{"@type":"EntryPoint","urlTemplate":"https:\/\/warmcore.kommerling.be\/fr\/?s={search_term_string}"},"query-input":{"@type":"PropertyValueSpecification","valueRequired":true,"valueName":"search_term_string"}}],"inLanguage":"fr-FR"},{"@type":"Organization","@id":"https:\/\/warmcore.kommerling.be\/fr\/#organization","name":"K\u00f6mmerling","url":"https:\/\/warmcore.kommerling.be\/fr\/","logo":{"@type":"ImageObject","inLanguage":"fr-FR","@id":"https:\/\/warmcore.kommerling.be\/fr\/#\/schema\/logo\/image\/","url":"https:\/\/warmcore.kommerling.be\/wp-content\/uploads\/2024\/12\/Kommerling_logo.png","contentUrl":"https:\/\/warmcore.kommerling.be\/wp-content\/uploads\/2024\/12\/Kommerling_logo.png","width":3015,"height":755,"caption":"K\u00f6mmerling"},"image":{"@id":"https:\/\/warmcore.kommerling.be\/fr\/#\/schema\/logo\/image\/"}}]}},"_links":{"self":[{"href":"https:\/\/warmcore.kommerling.be\/fr\/wp-json\/wp\/v2\/pages\/4117","targetHints":{"allow":["GET"]}}],"collection":[{"href":"https:\/\/warmcore.kommerling.be\/fr\/wp-json\/wp\/v2\/pages"}],"about":[{"href":"https:\/\/warmcore.kommerling.be\/fr\/wp-json\/wp\/v2\/types\/page"}],"author":[{"embeddable":true,"href":"https:\/\/warmcore.kommerling.be\/fr\/wp-json\/wp\/v2\/users\/8"}],"replies":[{"embeddable":true,"href":"https:\/\/warmcore.kommerling.be\/fr\/wp-json\/wp\/v2\/comments?post=4117"}],"version-history":[{"count":14,"href":"https:\/\/warmcore.kommerling.be\/fr\/wp-json\/wp\/v2\/pages\/4117\/revisions"}],"predecessor-version":[{"id":13039,"href":"https:\/\/warmcore.kommerling.be\/fr\/wp-json\/wp\/v2\/pages\/4117\/revisions\/13039"}],"wp:attachment":[{"href":"https:\/\/warmcore.kommerling.be\/fr\/wp-json\/wp\/v2\/media?parent=4117"}],"curies":[{"name":"wp","href":"https:\/\/api.w.org\/{rel}","templated":true}]}}